{"id":876,"date":"2020-08-30T20:40:05","date_gmt":"2020-08-30T18:40:05","guid":{"rendered":"https:\/\/waszkiewicz.net\/przedszkole\/?page_id=876"},"modified":"2020-08-30T20:40:05","modified_gmt":"2020-08-30T18:40:05","slug":"regulamin-udostepniania-danych-osobowych-z-monitoringu-wizyjnego","status":"publish","type":"page","link":"https:\/\/sloneczna9.pl\/?page_id=876","title":{"rendered":"REGULAMIN UDOST\u0118PNIANIA DANYCH OSOBOWYCH Z MONITORINGU WIZYJNEGO"},"content":{"rendered":"<p>Celem stosowania monitoringu wizyjnego w Przedszkolu Publicznym nr 9 w Szczecinie jest zapewnienie bezpiecze\u0144stwa i porz\u0105dku w plac\u00f3wce. Monitoring wizyjny ma na celu zwi\u0119kszenie bezpiecze\u0144stwa uczni\u00f3w\/wychowank\u00f3w, pracownik\u00f3w i pozosta\u0142ych os\u00f3b przebywaj\u0105cych na terenie plac\u00f3wki, a tak\u017ce znajduj\u0105cego si\u0119 tam mienia. Innym powodem stosowania monitoringu jest kontrola os\u00f3b wchodz\u0105cych na teren plac\u00f3wki.<\/p>\n<p>Zarejestrowane nagrania z monitoringu mog\u0105 by\u0107 cz\u0119sto dowodem wypadku, konfliktu, czy te\u017c naruszenia prawa (dalej: \u201ezaj\u015bcie\u201d) na terenie plac\u00f3wki.<\/p>\n<p>Maj\u0105c na wzgl\u0119dzie ochron\u0119 danych osobowych nale\u017cy przyj\u0105\u0107 nast\u0119puj\u0105ce zasady post\u0119powania w przypadku z\u0142o\u017cenia wniosku o udost\u0119pnienie nagra\u0144 z monitoringu:<\/p>\n<p>1. O dost\u0119p do nagra\u0144 z monitoringu mog\u0105 wnioskowa\u0107:<\/p>\n<p>2. uczestnicy zaj\u015bcia b\u0105d\u017a osoby ich reprezentuj\u0105ce (np. rodzice\/opiekunowie prawni),<\/p>\n<p>3. organy \u015bcigania (np. Policja, Stra\u017c Miejska, Prokuratura) oraz inne organy publiczne.<\/p>\n<p><em>Je\u015bli wnioskodawc\u0105 jest uczestnik zaj\u015bcia b\u0105d\u017a osoba go reprezentuj\u0105ca:<\/em><\/p>\n<p>4. Dyrekcja plac\u00f3wki samodzielnie weryfikuje nagranie z monitoringu i bez udost\u0119pniania tych nagra\u0144 wnioskodawcy samodzielnie stara si\u0119 rozwi\u0105za\u0107 problem (poprzez rozmowy indywidualne z uczestnikami zaj\u015bcia).<\/p>\n<p>5. W przypadku podtrzymania wniosku przez wnioskodawc\u0119, Dyrekcja, po ustaleniach z Zespo\u0142em IOD (kt\u00f3rego przedstawiciel powinien w takim przypadku obejrze\u0107 przedmiotowe nagranie) zaprasza na spotkanie wnioskodawc\u0119 oraz osoby lub przedstawicieli prawnych os\u00f3b, kt\u00f3rych wizerunki zidentyfikowano na nagraniu w celu umo\u017cliwienia wsp\u00f3lnego obejrzenia nagrania w plac\u00f3wce (bez mo\u017cliwo\u015bci utrwalania obrazu) &#8211; <strong>chyba \u017ce wsp\u00f3lne obejrzenie nagrania przez osoby nie zwi\u0105zane bezpo\u015brednio z danym zaj\u015bciem mog\u0142oby realnie naruszy\u0107 lub grozi\u0107 naruszeniem d\u00f3br osobistych osoby lub os\u00f3b bezpo\u015brednio zwi\u0105zanych z danym zaj\u015bciem<\/strong>. Dodatkowo plac\u00f3wka minimalizuje zakres ogl\u0105danego obrazu, a tam gdzie jest to mo\u017cliwe prezentowane s\u0105 jedynie wybrane &#8222;stopklatki&#8221;. Warunkiem umo\u017cliwienia obejrzenia obrazu jest weryfikacja przez Dyrekcj\u0119 plac\u00f3wki razem z Zespo\u0142em IOD, czy dany wnioskodawca faktycznie ma interes w tym, aby skorzysta\u0107 z takiego uprawnienia.<\/p>\n<p>Udost\u0119pnienie nagrania poprzez OBEJRZENIE&nbsp;<strong>nie mo\u017ce<\/strong>&nbsp;prowadzi\u0107 do WYDANIA KOPII nagrania lub umo\u017cliwienia ogl\u0105daj\u0105cemu UTRWALENIA NAGRANIA PODCZAS OGL\u0104DANIA.<\/p>\n<p><em>Je\u015bli wnioskodawc\u0105 jest organ \u015bci\u0105gania b\u0105d\u017a inny organ publiczny:<\/em><\/p>\n<p>6. Plac\u00f3wka ma obowi\u0105zek udost\u0119pni\u0107 nagranie z monitoringu do wgl\u0105du organom \u015bci\u0105gania lub innym organom publicznym. Udost\u0119pnienie kopii nagrania na no\u015bniku nast\u0119puje WY\u0141\u0104CZNIE NA PISEMNY WNIOSEK organu.<\/p>\n<p>7. W przypadku gdy danym nagraniem zainteresuj\u0105 si\u0119 organy \u015bcigania nale\u017cy odm\u00f3wi\u0107 indywidualnemu wnioskodawcy (np. rodzicowi) udost\u0119pnienia obrazu w postaci mo\u017cliwo\u015bci obejrzenia nagrania jedynie w przypadku, gdy w formie pisemnej (pismo lub e-mail) przy okazji pobierania kopii nagrania, w organy (s\u0142u\u017cby) zobowi\u0105\u017c\u0105 Dyrekcj\u0119 plac\u00f3wki do nie udost\u0119pniania nagra\u0144 (o co Dyrekcja plac\u00f3wki b\u0119dzie w ka\u017cdym takim przypadku pyta\u0107 te plac\u00f3wki (s\u0142u\u017cby).<\/p>\n<p><strong>8. Ka\u017cdy przypadek wniosku o udost\u0119pnienie nagra\u0144 z monitoringu jest indywidualnie rozpatrywany.<\/strong><\/p>\n<p>&nbsp;<\/p>\n<p><strong>9. W sprawach nieuregulowanych powy\u017cej decyduje Dyrekcja plac\u00f3wki.<\/strong><\/p>\n<p>&nbsp;<\/p>\n<p><strong>10. Regulamin wchodzi w \u017cycie z dniem 30 stycznia 2020 roku.<\/strong><\/p>\n","protected":false},"excerpt":{"rendered":"<p>Celem stosowania monitoringu wizyjnego w Przedszkolu Publicznym nr 9 w Szczecinie jest zapewnienie bezpiecze\u0144stwa i porz\u0105dku w plac\u00f3wce. Monitoring wizyjny ma na celu zwi\u0119kszenie bezpiecze\u0144stwa uczni\u00f3w\/wychowank\u00f3w, pracownik\u00f3w i pozosta\u0142ych os\u00f3b przebywaj\u0105cych na terenie plac\u00f3wki, a tak\u017ce znajduj\u0105cego si\u0119 tam mienia. Innym powodem stosowania monitoringu jest kontrola os\u00f3b wchodz\u0105cych na teren plac\u00f3wki. Zarejestrowane nagrania z monitoringu [&hellip;]<\/p>\n","protected":false},"author":2,"featured_media":0,"parent":0,"menu_order":0,"comment_status":"closed","ping_status":"closed","template":"","meta":{"ngg_post_thumbnail":0},"_links":{"self":[{"href":"https:\/\/sloneczna9.pl\/index.php?rest_route=\/wp\/v2\/pages\/876"}],"collection":[{"href":"https:\/\/sloneczna9.pl\/index.php?rest_route=\/wp\/v2\/pages"}],"about":[{"href":"https:\/\/sloneczna9.pl\/index.php?rest_route=\/wp\/v2\/types\/page"}],"author":[{"embeddable":true,"href":"https:\/\/sloneczna9.pl\/index.php?rest_route=\/wp\/v2\/users\/2"}],"replies":[{"embeddable":true,"href":"https:\/\/sloneczna9.pl\/index.php?rest_route=%2Fwp%2Fv2%2Fcomments&post=876"}],"version-history":[{"count":1,"href":"https:\/\/sloneczna9.pl\/index.php?rest_route=\/wp\/v2\/pages\/876\/revisions"}],"predecessor-version":[{"id":877,"href":"https:\/\/sloneczna9.pl\/index.php?rest_route=\/wp\/v2\/pages\/876\/revisions\/877"}],"wp:attachment":[{"href":"https:\/\/sloneczna9.pl\/index.php?rest_route=%2Fwp%2Fv2%2Fmedia&parent=876"}],"curies":[{"name":"wp","href":"https:\/\/api.w.org\/{rel}","templated":true}]}}