{"id":12481,"date":"2021-12-14T15:21:41","date_gmt":"2021-12-14T14:21:41","guid":{"rendered":"https:\/\/sloneczna9.pl\/?page_id=12481"},"modified":"2021-12-14T15:23:27","modified_gmt":"2021-12-14T14:23:27","slug":"wspolpraca-z-dziennym-domem-pomocy-spolecznej","status":"publish","type":"page","link":"https:\/\/sloneczna9.pl\/?page_id=12481","title":{"rendered":"Wsp\u00f3\u0142praca z Dziennym Domem Pomocy Spo\u0142ecznej"},"content":{"rendered":"<h5><ul class=\"lcp_catlist\" id=\"lcp_instance_0\"><\/ul><br \/>\n<ul class=\"lcp_catlist\" id=\"lcp_instance_0\"><li><a href=\"https:\/\/sloneczna9.pl\/?p=17101\">Galeria wiosenna<\/a><\/li><li><a href=\"https:\/\/sloneczna9.pl\/?p=12765\">Magia \u015awi\u0105t&#8230;<\/a><\/li><li><a href=\"https:\/\/sloneczna9.pl\/?p=12676\">Miko\u0142ajkowe prezenty<\/a><\/li><li><a href=\"https:\/\/sloneczna9.pl\/?p=12488\">Przyja\u017a\u0144 mi\u0119dzypokoleniowa<\/a><\/li><\/ul><\/h5>\n","protected":false},"excerpt":{"rendered":"","protected":false},"author":1,"featured_media":0,"parent":0,"menu_order":0,"comment_status":"closed","ping_status":"closed","template":"","meta":{"ngg_post_thumbnail":0},"_links":{"self":[{"href":"https:\/\/sloneczna9.pl\/index.php?rest_route=\/wp\/v2\/pages\/12481"}],"collection":[{"href":"https:\/\/sloneczna9.pl\/index.php?rest_route=\/wp\/v2\/pages"}],"about":[{"href":"https:\/\/sloneczna9.pl\/index.php?rest_route=\/wp\/v2\/types\/page"}],"author":[{"embeddable":true,"href":"https:\/\/sloneczna9.pl\/index.php?rest_route=\/wp\/v2\/users\/1"}],"replies":[{"embeddable":true,"href":"https:\/\/sloneczna9.pl\/index.php?rest_route=%2Fwp%2Fv2%2Fcomments&post=12481"}],"version-history":[{"count":2,"href":"https:\/\/sloneczna9.pl\/index.php?rest_route=\/wp\/v2\/pages\/12481\/revisions"}],"predecessor-version":[{"id":12483,"href":"https:\/\/sloneczna9.pl\/index.php?rest_route=\/wp\/v2\/pages\/12481\/revisions\/12483"}],"wp:attachment":[{"href":"https:\/\/sloneczna9.pl\/index.php?rest_route=%2Fwp%2Fv2%2Fmedia&parent=12481"}],"curies":[{"name":"wp","href":"https:\/\/api.w.org\/{rel}","templated":true}]}}